{"id":98,"date":"2012-11-20T23:48:53","date_gmt":"2012-11-20T21:48:53","guid":{"rendered":"http:\/\/tierphysio-dumont.de\/?page_id=98"},"modified":"2025-12-02T17:54:34","modified_gmt":"2025-12-02T15:54:34","slug":"herzlich-willkommen","status":"publish","type":"page","link":"https:\/\/tierphysio-dumont.de\/","title":{"rendered":"Elementor #98"},"content":{"rendered":"\t\t<div data-elementor-type=\"wp-page\" data-elementor-id=\"98\" class=\"elementor elementor-98\">\n\t\t\t\t<div class=\"elementor-element elementor-element-e98ef57 e-grid e-con-boxed e-con e-parent\" data-id=\"e98ef57\" data-element_type=\"container\">\n\t\t\t\t\t<div class=\"e-con-inner\">\n\t\t\t\t<div class=\"elementor-element elementor-element-2a6b10d elementor-widget elementor-widget-image\" data-id=\"2a6b10d\" data-element_type=\"widget\" data-widget_type=\"image.default\">\n\t\t\t\t\t\t\t\t\t\t\t\t\t\t\t<img fetchpriority=\"high\" decoding=\"async\" width=\"300\" height=\"300\" src=\"https:\/\/tierphysio-dumont.de\/wp-content\/uploads\/2023\/05\/IMG-20210818-WA0006-300x300.jpg\" class=\"attachment-medium size-medium wp-image-1341\" alt=\"\" srcset=\"https:\/\/tierphysio-dumont.de\/wp-content\/uploads\/2023\/05\/IMG-20210818-WA0006-300x300.jpg 300w, https:\/\/tierphysio-dumont.de\/wp-content\/uploads\/2023\/05\/IMG-20210818-WA0006-1024x1024.jpg 1024w, https:\/\/tierphysio-dumont.de\/wp-content\/uploads\/2023\/05\/IMG-20210818-WA0006-150x150.jpg 150w, https:\/\/tierphysio-dumont.de\/wp-content\/uploads\/2023\/05\/IMG-20210818-WA0006-768x768.jpg 768w, https:\/\/tierphysio-dumont.de\/wp-content\/uploads\/2023\/05\/IMG-20210818-WA0006.jpg 1080w\" sizes=\"(max-width: 300px) 100vw, 300px\" \/>\t\t\t\t\t\t\t\t\t\t\t\t\t\t\t<\/div>\n\t\t\t\t<div class=\"elementor-element elementor-element-e715aa3 elementor-widget elementor-widget-text-editor\" data-id=\"e715aa3\" data-element_type=\"widget\" data-widget_type=\"text-editor.default\">\n\t\t\t\t\t\t\t\t\t<p>\u00a0<\/p><p>\u00a0<\/p><p style=\"text-align: center;\"><span style=\"font-size: 14pt;\"><strong><span style=\"color: #800000;\"><em>Herzlich Willkommen auf meiner neuen Webseite!<\/em><\/span><\/strong><\/span><\/p><p style=\"text-align: center;\"><em>\u00a0Auch mit frischem Design, bin ich wie gewohnt f\u00fcr Sie da<\/em><\/p>\t\t\t\t\t\t\t\t<\/div>\n\t\t\t\t<div class=\"elementor-element elementor-element-995de13 elementor-widget elementor-widget-image\" data-id=\"995de13\" data-element_type=\"widget\" data-widget_type=\"image.default\">\n\t\t\t\t\t\t\t\t\t\t\t\t\t\t\t<img decoding=\"async\" width=\"225\" height=\"300\" src=\"https:\/\/tierphysio-dumont.de\/wp-content\/uploads\/2025\/11\/IMG-20251111-WA0001-225x300.jpg\" class=\"attachment-medium size-medium wp-image-1447\" alt=\"\" srcset=\"https:\/\/tierphysio-dumont.de\/wp-content\/uploads\/2025\/11\/IMG-20251111-WA0001-225x300.jpg 225w, https:\/\/tierphysio-dumont.de\/wp-content\/uploads\/2025\/11\/IMG-20251111-WA0001-768x1024.jpg 768w, https:\/\/tierphysio-dumont.de\/wp-content\/uploads\/2025\/11\/IMG-20251111-WA0001-1152x1536.jpg 1152w, https:\/\/tierphysio-dumont.de\/wp-content\/uploads\/2025\/11\/IMG-20251111-WA0001.jpg 1200w\" sizes=\"(max-width: 225px) 100vw, 225px\" \/>\t\t\t\t\t\t\t\t\t\t\t\t\t\t\t<\/div>\n\t\t\t\t\t<\/div>\n\t\t\t\t<\/div>\n\t\t<div class=\"elementor-element elementor-element-6a91f9a e-flex e-con-boxed e-con e-parent\" data-id=\"6a91f9a\" data-element_type=\"container\">\n\t\t\t\t\t<div class=\"e-con-inner\">\n\t\t\t\t<div class=\"elementor-element elementor-element-59d7f70 elementor-widget elementor-widget-text-editor\" data-id=\"59d7f70\" data-element_type=\"widget\" data-widget_type=\"text-editor.default\">\n\t\t\t\t\t\t\t\t\t<p>\u00a0<\/p><p style=\"text-align: center;\"><strong>Physiotherapie f\u00fcrs Tier? Aber sicher!<\/strong><\/p><p style=\"text-align: center;\"><strong>Geballtes Wissen und Erfahrung in eigener Praxis seit 2005!<\/strong><\/p><p style=\"text-align: center;\"><strong>Von A, wie Aquatrainer &#8211; bis Z, wie Zufriedenheit. <\/strong><strong>Zentral gelegen und doch im Gr\u00fcnen, <\/strong><strong>schattige Sitzgelegenheiten, <\/strong><strong>barrierefreier Zugang zur Praxis.<\/strong><\/p><p style=\"text-align: center;\"><strong>Parkpl\u00e4tze direkt vor der T\u00fcre um vor oder nach der Behandlung die umliegende Natur f\u00fcr einen Spaziergang zu nutzen.<\/strong><\/p><p style=\"text-align: center;\">Es sind die vielen Jahre Berufserfahrung in eigener Praxis, die mich \u00fcberzeugen: fachgerechte Physiotherapie f\u00fcr Hunde, Katzen, Pferde und Kleintiere ist genauso sinnvoll wie f\u00fcr uns Menschen. Es ist wunderbar, immer wieder miterleben zu k\u00f6nnen, wie wohl sich die Patienten nach der Therapie f\u00fchlen. Erkrankungen und L\u00e4hmungen des Bewegungsapparates k\u00f6nnen\u00a0 beim Tier erfolgreich behandelt werden.<\/p>\t\t\t\t\t\t\t\t<\/div>\n\t\t\t\t\t<\/div>\n\t\t\t\t<\/div>\n\t\t<div class=\"elementor-element elementor-element-7f52add e-grid e-con-boxed e-con e-parent\" data-id=\"7f52add\" data-element_type=\"container\">\n\t\t\t\t\t<div class=\"e-con-inner\">\n\t\t\t\t<div class=\"elementor-element elementor-element-5a3b9b9 elementor-widget elementor-widget-image\" data-id=\"5a3b9b9\" data-element_type=\"widget\" data-widget_type=\"image.default\">\n\t\t\t\t\t\t\t\t\t\t\t\t\t\t\t<img decoding=\"async\" width=\"300\" height=\"200\" src=\"https:\/\/tierphysio-dumont.de\/wp-content\/uploads\/2023\/05\/Kitty-und-ich-fuer-website-300x200.jpg\" class=\"attachment-medium size-medium wp-image-1337\" alt=\"\" srcset=\"https:\/\/tierphysio-dumont.de\/wp-content\/uploads\/2023\/05\/Kitty-und-ich-fuer-website-300x200.jpg 300w, https:\/\/tierphysio-dumont.de\/wp-content\/uploads\/2023\/05\/Kitty-und-ich-fuer-website-768x512.jpg 768w, https:\/\/tierphysio-dumont.de\/wp-content\/uploads\/2023\/05\/Kitty-und-ich-fuer-website-450x300.jpg 450w, https:\/\/tierphysio-dumont.de\/wp-content\/uploads\/2023\/05\/Kitty-und-ich-fuer-website.jpg 850w\" sizes=\"(max-width: 300px) 100vw, 300px\" \/>\t\t\t\t\t\t\t\t\t\t\t\t\t\t\t<\/div>\n\t\t\t\t<div class=\"elementor-element elementor-element-76f00c9 elementor-widget elementor-widget-text-editor\" data-id=\"76f00c9\" data-element_type=\"widget\" data-widget_type=\"text-editor.default\">\n\t\t\t\t\t\t\t\t\t<p>St\u00f6bern Sie gern auf meiner Webseite, schauen und lesen Sie in Ruhe was Sie interessiert und besuchen Sie meine Seite gern wieder, denn es tut sich immer wieder Neues hier.<\/p><p><em>Elke Dumont<\/em><\/p>\t\t\t\t\t\t\t\t<\/div>\n\t\t\t\t\t<\/div>\n\t\t\t\t<\/div>\n\t\t\t\t<\/div>\n\t\t","protected":false},"excerpt":{"rendered":"<p>\u00a0 \u00a0 Herzlich Willkommen auf meiner neuen Webseite! \u00a0Auch mit frischem Design, bin ich wie gewohnt f\u00fcr Sie da \u00a0 Physiotherapie f\u00fcrs Tier? Aber sicher! Geballtes Wissen und [&hellip;]<\/p>\n","protected":false},"author":1,"featured_media":0,"parent":0,"menu_order":1,"comment_status":"closed","ping_status":"closed","template":"","meta":{"footnotes":""},"class_list":["post-98","page","type-page","status-publish","hentry"],"_links":{"self":[{"href":"https:\/\/tierphysio-dumont.de\/index.php?rest_route=\/wp\/v2\/pages\/98","targetHints":{"allow":["GET"]}}],"collection":[{"href":"https:\/\/tierphysio-dumont.de\/index.php?rest_route=\/wp\/v2\/pages"}],"about":[{"href":"https:\/\/tierphysio-dumont.de\/index.php?rest_route=\/wp\/v2\/types\/page"}],"author":[{"embeddable":true,"href":"https:\/\/tierphysio-dumont.de\/index.php?rest_route=\/wp\/v2\/users\/1"}],"replies":[{"embeddable":true,"href":"https:\/\/tierphysio-dumont.de\/index.php?rest_route=%2Fwp%2Fv2%2Fcomments&post=98"}],"version-history":[{"count":21,"href":"https:\/\/tierphysio-dumont.de\/index.php?rest_route=\/wp\/v2\/pages\/98\/revisions"}],"predecessor-version":[{"id":1461,"href":"https:\/\/tierphysio-dumont.de\/index.php?rest_route=\/wp\/v2\/pages\/98\/revisions\/1461"}],"wp:attachment":[{"href":"https:\/\/tierphysio-dumont.de\/index.php?rest_route=%2Fwp%2Fv2%2Fmedia&parent=98"}],"curies":[{"name":"wp","href":"https:\/\/api.w.org\/{rel}","templated":true}]}}